{"id":2181,"date":"2016-02-28T08:21:03","date_gmt":"2016-02-28T08:21:03","guid":{"rendered":"https:\/\/demo2.chethemes.com\/electro\/?page_id=2181"},"modified":"2023-12-08T14:17:20","modified_gmt":"2023-12-08T11:17:20","slug":"track-your-order","status":"publish","type":"page","link":"https:\/\/renderistan.com\/?page_id=2181","title":{"rendered":"Sipari\u015f Takibi"},"content":{"rendered":"<div class=\"woocommerce\">\n<form action=\"https:\/\/renderistan.com\/?page_id=2181\" method=\"post\" class=\"woocommerce-form woocommerce-form-track-order track_order\">\n\n\t\n\t<p>To track your order please enter your Order ID in the box below and press the &quot;Track&quot; button. This was given to you on your receipt and in the confirmation email you should have received.<\/p>\n\n\t<p class=\"form-row form-row-first\"><label for=\"orderid\">Order ID<\/label> <input class=\"input-text\" type=\"text\" name=\"orderid\" id=\"orderid\" value=\"\" placeholder=\"Found in your order confirmation email.\" \/><\/p>\t<p class=\"form-row form-row-last\"><label for=\"order_email\">Billing email<\/label> <input class=\"input-text\" type=\"text\" name=\"order_email\" id=\"order_email\" value=\"\" placeholder=\"Email you used during checkout.\" \/><\/p>\t<div class=\"clear\"><\/div>\n\n\t\n\t<p class=\"form-row\"><button type=\"submit\" class=\"button\" name=\"track\" value=\"Track\">Track<\/button><\/p>\n\t<input type=\"hidden\" id=\"woocommerce-order-tracking-nonce\" name=\"woocommerce-order-tracking-nonce\" value=\"d372ebb0fd\" \/><input type=\"hidden\" name=\"_wp_http_referer\" value=\"\/index.php?rest_route=%2Fwp%2Fv2%2Fpages%2F2181\" \/>\n\t\n<\/form>\n<\/div>\n","protected":false},"excerpt":{"rendered":"To track your order please enter your Order ID in the box below and press the &quot;Track&quot; button. This was given to you on your receipt and in the confirmation","protected":false},"author":1,"featured_media":0,"parent":0,"menu_order":0,"comment_status":"closed","ping_status":"closed","template":"template-page-centered-fullwidth.php","meta":{"_acf_changed":false,"om_disable_all_campaigns":false,"_monsterinsights_skip_tracking":false,"_monsterinsights_sitenote_active":false,"_monsterinsights_sitenote_note":"","_monsterinsights_sitenote_category":0,"footnotes":""},"class_list":["post-2181","page","type-page","status-publish","hentry"],"acf":[],"yoast_head":"<!-- This site is optimized with the Yoast SEO Premium plugin v21.8 (Yoast SEO v22.9) - https:\/\/yoast.com\/wordpress\/plugins\/seo\/ -->\n<title>Sipari\u015f Takibi - Renderistan \u0130\u015f \u0130stasyonu Sat\u0131\u015f Ma\u011fazas\u0131<\/title>\n<meta name=\"robots\" content=\"index, follow, max-snippet:-1, max-image-preview:large, max-video-preview:-1\" \/>\n<link rel=\"canonical\" href=\"https:\/\/renderistan.com\/?page_id=2181\" \/>\n<meta property=\"og:locale\" content=\"tr_TR\" \/>\n<meta property=\"og:type\" content=\"article\" \/>\n<meta property=\"og:title\" content=\"Sipari\u015f Takibi\" \/>\n<meta property=\"og:url\" content=\"https:\/\/renderistan.com\/?page_id=2181\" \/>\n<meta property=\"og:site_name\" content=\"Renderistan \u0130\u015f \u0130stasyonu Sat\u0131\u015f Ma\u011fazas\u0131\" \/>\n<meta property=\"article:modified_time\" content=\"2023-12-08T11:17:20+00:00\" \/>\n<meta name=\"twitter:card\" content=\"summary_large_image\" \/>\n<script type=\"application\/ld+json\" class=\"yoast-schema-graph\">{\"@context\":\"https:\/\/schema.org\",\"@graph\":[{\"@type\":\"WebPage\",\"@id\":\"https:\/\/renderistan.com\/?page_id=2181\",\"url\":\"https:\/\/renderistan.com\/?page_id=2181\",\"name\":\"Sipari\u015f Takibi - Renderistan \u0130\u015f \u0130stasyonu Sat\u0131\u015f Ma\u011fazas\u0131\",\"isPartOf\":{\"@id\":\"https:\/\/renderistan.com\/#website\"},\"datePublished\":\"2016-02-28T08:21:03+00:00\",\"dateModified\":\"2023-12-08T11:17:20+00:00\",\"breadcrumb\":{\"@id\":\"https:\/\/renderistan.com\/?page_id=2181#breadcrumb\"},\"inLanguage\":\"tr\",\"potentialAction\":[{\"@type\":\"ReadAction\",\"target\":[\"https:\/\/renderistan.com\/?page_id=2181\"]}]},{\"@type\":\"BreadcrumbList\",\"@id\":\"https:\/\/renderistan.com\/?page_id=2181#breadcrumb\",\"itemListElement\":[{\"@type\":\"ListItem\",\"position\":1,\"name\":\"Anasayfa\",\"item\":\"https:\/\/renderistan.com\/\"},{\"@type\":\"ListItem\",\"position\":2,\"name\":\"Sipari\u015f Takibi\"}]},{\"@type\":\"WebSite\",\"@id\":\"https:\/\/renderistan.com\/#website\",\"url\":\"https:\/\/renderistan.com\/\",\"name\":\"Renderistan \u0130\u015f \u0130stasyonu Sat\u0131\u015f Ma\u011fazas\u0131\",\"description\":\"\u0130\u015f \u0130stasyonu sat\u0131\u015f ma\u011fazas\u0131\",\"publisher\":{\"@id\":\"https:\/\/renderistan.com\/#organization\"},\"potentialAction\":[{\"@type\":\"SearchAction\",\"target\":{\"@type\":\"EntryPoint\",\"urlTemplate\":\"https:\/\/renderistan.com\/?s={search_term_string}\"},\"query-input\":\"required name=search_term_string\"}],\"inLanguage\":\"tr\"},{\"@type\":\"Organization\",\"@id\":\"https:\/\/renderistan.com\/#organization\",\"name\":\"Renderistan \u0130\u015f \u0130stasyonu Sat\u0131\u015f Ma\u011fazas\u0131\",\"url\":\"https:\/\/renderistan.com\/\",\"logo\":{\"@type\":\"ImageObject\",\"inLanguage\":\"tr\",\"@id\":\"https:\/\/renderistan.com\/#\/schema\/logo\/image\/\",\"url\":\"https:\/\/renderistan.com\/wp-content\/uploads\/2023\/12\/cropped-cropped-Basliksiz-2-1.png\",\"contentUrl\":\"https:\/\/renderistan.com\/wp-content\/uploads\/2023\/12\/cropped-cropped-Basliksiz-2-1.png\",\"width\":380,\"height\":298,\"caption\":\"Renderistan \u0130\u015f \u0130stasyonu Sat\u0131\u015f Ma\u011fazas\u0131\"},\"image\":{\"@id\":\"https:\/\/renderistan.com\/#\/schema\/logo\/image\/\"}}]}<\/script>\n<!-- \/ Yoast SEO Premium plugin. -->","yoast_head_json":{"title":"Sipari\u015f Takibi - Renderistan \u0130\u015f \u0130stasyonu Sat\u0131\u015f Ma\u011fazas\u0131","robots":{"index":"index","follow":"follow","max-snippet":"max-snippet:-1","max-image-preview":"max-image-preview:large","max-video-preview":"max-video-preview:-1"},"canonical":"https:\/\/renderistan.com\/?page_id=2181","og_locale":"tr_TR","og_type":"article","og_title":"Sipari\u015f Takibi","og_url":"https:\/\/renderistan.com\/?page_id=2181","og_site_name":"Renderistan \u0130\u015f \u0130stasyonu Sat\u0131\u015f Ma\u011fazas\u0131","article_modified_time":"2023-12-08T11:17:20+00:00","twitter_card":"summary_large_image","schema":{"@context":"https:\/\/schema.org","@graph":[{"@type":"WebPage","@id":"https:\/\/renderistan.com\/?page_id=2181","url":"https:\/\/renderistan.com\/?page_id=2181","name":"Sipari\u015f Takibi - Renderistan \u0130\u015f \u0130stasyonu Sat\u0131\u015f Ma\u011fazas\u0131","isPartOf":{"@id":"https:\/\/renderistan.com\/#website"},"datePublished":"2016-02-28T08:21:03+00:00","dateModified":"2023-12-08T11:17:20+00:00","breadcrumb":{"@id":"https:\/\/renderistan.com\/?page_id=2181#breadcrumb"},"inLanguage":"tr","potentialAction":[{"@type":"ReadAction","target":["https:\/\/renderistan.com\/?page_id=2181"]}]},{"@type":"BreadcrumbList","@id":"https:\/\/renderistan.com\/?page_id=2181#breadcrumb","itemListElement":[{"@type":"ListItem","position":1,"name":"Anasayfa","item":"https:\/\/renderistan.com\/"},{"@type":"ListItem","position":2,"name":"Sipari\u015f Takibi"}]},{"@type":"WebSite","@id":"https:\/\/renderistan.com\/#website","url":"https:\/\/renderistan.com\/","name":"Renderistan \u0130\u015f \u0130stasyonu Sat\u0131\u015f Ma\u011fazas\u0131","description":"\u0130\u015f \u0130stasyonu sat\u0131\u015f ma\u011fazas\u0131","publisher":{"@id":"https:\/\/renderistan.com\/#organization"},"potentialAction":[{"@type":"SearchAction","target":{"@type":"EntryPoint","urlTemplate":"https:\/\/renderistan.com\/?s={search_term_string}"},"query-input":"required name=search_term_string"}],"inLanguage":"tr"},{"@type":"Organization","@id":"https:\/\/renderistan.com\/#organization","name":"Renderistan \u0130\u015f \u0130stasyonu Sat\u0131\u015f Ma\u011fazas\u0131","url":"https:\/\/renderistan.com\/","logo":{"@type":"ImageObject","inLanguage":"tr","@id":"https:\/\/renderistan.com\/#\/schema\/logo\/image\/","url":"https:\/\/renderistan.com\/wp-content\/uploads\/2023\/12\/cropped-cropped-Basliksiz-2-1.png","contentUrl":"https:\/\/renderistan.com\/wp-content\/uploads\/2023\/12\/cropped-cropped-Basliksiz-2-1.png","width":380,"height":298,"caption":"Renderistan \u0130\u015f \u0130stasyonu Sat\u0131\u015f Ma\u011fazas\u0131"},"image":{"@id":"https:\/\/renderistan.com\/#\/schema\/logo\/image\/"}}]}},"_links":{"self":[{"href":"https:\/\/renderistan.com\/index.php?rest_route=\/wp\/v2\/pages\/2181","targetHints":{"allow":["GET"]}}],"collection":[{"href":"https:\/\/renderistan.com\/index.php?rest_route=\/wp\/v2\/pages"}],"about":[{"href":"https:\/\/renderistan.com\/index.php?rest_route=\/wp\/v2\/types\/page"}],"author":[{"embeddable":true,"href":"https:\/\/renderistan.com\/index.php?rest_route=\/wp\/v2\/users\/1"}],"replies":[{"embeddable":true,"href":"https:\/\/renderistan.com\/index.php?rest_route=%2Fwp%2Fv2%2Fcomments&post=2181"}],"version-history":[{"count":2,"href":"https:\/\/renderistan.com\/index.php?rest_route=\/wp\/v2\/pages\/2181\/revisions"}],"predecessor-version":[{"id":5899,"href":"https:\/\/renderistan.com\/index.php?rest_route=\/wp\/v2\/pages\/2181\/revisions\/5899"}],"wp:attachment":[{"href":"https:\/\/renderistan.com\/index.php?rest_route=%2Fwp%2Fv2%2Fmedia&parent=2181"}],"curies":[{"name":"wp","href":"https:\/\/api.w.org\/{rel}","templated":true}]}}