{"id":2917,"date":"2016-03-26T13:44:35","date_gmt":"2016-03-26T13:44:35","guid":{"rendered":"https:\/\/demo2.chethemes.com\/electro\/?page_id=2917"},"modified":"2023-12-09T12:04:21","modified_gmt":"2023-12-09T09:04:21","slug":"urun-karsilastirma","status":"publish","type":"page","link":"https:\/\/renderistan.com\/?page_id=2917","title":{"rendered":"\u00dcr\u00fcn Kar\u015f\u0131la\u015ft\u0131rma"},"content":{"rendered":"\n\n    <div class=\"outer-bottom-vs outer-top-sm compare-empty\">\n        <h1 class=\"lead-title text-center cart-empty\">\n            No products were added to the compare table        <\/h1>\n\n        <p class=\"return-to-shop\">\n            <a class=\"wc-backward btn\" href=\"https:\/\/renderistan.com\/?page_id=3853\">\n                <i class=\"fas fa-reply\"><\/i>\n                Return To Shop            <\/a>\n        <\/p>\n    <\/div>\n\n\n","protected":false},"excerpt":{"rendered":"No products were added to the compare table Return To Shop","protected":false},"author":1,"featured_media":0,"parent":0,"menu_order":0,"comment_status":"closed","ping_status":"closed","template":"","meta":{"_acf_changed":false,"om_disable_all_campaigns":false,"_monsterinsights_skip_tracking":false,"_monsterinsights_sitenote_active":false,"_monsterinsights_sitenote_note":"","_monsterinsights_sitenote_category":0,"footnotes":""},"class_list":["post-2917","page","type-page","status-publish","hentry"],"acf":[],"yoast_head":"<!-- This site is optimized with the Yoast SEO Premium plugin v21.8 (Yoast SEO v22.9) - https:\/\/yoast.com\/wordpress\/plugins\/seo\/ -->\n<title>\u00dcr\u00fcn Kar\u015f\u0131la\u015ft\u0131rma - Renderistan \u0130\u015f \u0130stasyonu Sat\u0131\u015f Ma\u011fazas\u0131<\/title>\n<meta name=\"robots\" content=\"index, follow, max-snippet:-1, max-image-preview:large, max-video-preview:-1\" \/>\n<link rel=\"canonical\" href=\"https:\/\/renderistan.com\/?page_id=2917\" \/>\n<meta property=\"og:locale\" content=\"tr_TR\" \/>\n<meta property=\"og:type\" content=\"article\" \/>\n<meta property=\"og:title\" content=\"\u00dcr\u00fcn Kar\u015f\u0131la\u015ft\u0131rma\" \/>\n<meta property=\"og:url\" content=\"https:\/\/renderistan.com\/?page_id=2917\" \/>\n<meta property=\"og:site_name\" content=\"Renderistan \u0130\u015f \u0130stasyonu Sat\u0131\u015f Ma\u011fazas\u0131\" \/>\n<meta property=\"article:modified_time\" content=\"2023-12-09T09:04:21+00:00\" \/>\n<meta name=\"twitter:card\" content=\"summary_large_image\" \/>\n<script type=\"application\/ld+json\" class=\"yoast-schema-graph\">{\"@context\":\"https:\/\/schema.org\",\"@graph\":[{\"@type\":\"WebPage\",\"@id\":\"https:\/\/renderistan.com\/?page_id=2917\",\"url\":\"https:\/\/renderistan.com\/?page_id=2917\",\"name\":\"\u00dcr\u00fcn Kar\u015f\u0131la\u015ft\u0131rma - Renderistan \u0130\u015f \u0130stasyonu Sat\u0131\u015f Ma\u011fazas\u0131\",\"isPartOf\":{\"@id\":\"https:\/\/renderistan.com\/#website\"},\"datePublished\":\"2016-03-26T13:44:35+00:00\",\"dateModified\":\"2023-12-09T09:04:21+00:00\",\"breadcrumb\":{\"@id\":\"https:\/\/renderistan.com\/?page_id=2917#breadcrumb\"},\"inLanguage\":\"tr\",\"potentialAction\":[{\"@type\":\"ReadAction\",\"target\":[\"https:\/\/renderistan.com\/?page_id=2917\"]}]},{\"@type\":\"BreadcrumbList\",\"@id\":\"https:\/\/renderistan.com\/?page_id=2917#breadcrumb\",\"itemListElement\":[{\"@type\":\"ListItem\",\"position\":1,\"name\":\"Anasayfa\",\"item\":\"https:\/\/renderistan.com\/\"},{\"@type\":\"ListItem\",\"position\":2,\"name\":\"\u00dcr\u00fcn Kar\u015f\u0131la\u015ft\u0131rma\"}]},{\"@type\":\"WebSite\",\"@id\":\"https:\/\/renderistan.com\/#website\",\"url\":\"https:\/\/renderistan.com\/\",\"name\":\"Renderistan \u0130\u015f \u0130stasyonu Sat\u0131\u015f Ma\u011fazas\u0131\",\"description\":\"\u0130\u015f \u0130stasyonu sat\u0131\u015f ma\u011fazas\u0131\",\"publisher\":{\"@id\":\"https:\/\/renderistan.com\/#organization\"},\"potentialAction\":[{\"@type\":\"SearchAction\",\"target\":{\"@type\":\"EntryPoint\",\"urlTemplate\":\"https:\/\/renderistan.com\/?s={search_term_string}\"},\"query-input\":\"required name=search_term_string\"}],\"inLanguage\":\"tr\"},{\"@type\":\"Organization\",\"@id\":\"https:\/\/renderistan.com\/#organization\",\"name\":\"Renderistan \u0130\u015f \u0130stasyonu Sat\u0131\u015f Ma\u011fazas\u0131\",\"url\":\"https:\/\/renderistan.com\/\",\"logo\":{\"@type\":\"ImageObject\",\"inLanguage\":\"tr\",\"@id\":\"https:\/\/renderistan.com\/#\/schema\/logo\/image\/\",\"url\":\"https:\/\/renderistan.com\/wp-content\/uploads\/2023\/12\/cropped-cropped-Basliksiz-2-1.png\",\"contentUrl\":\"https:\/\/renderistan.com\/wp-content\/uploads\/2023\/12\/cropped-cropped-Basliksiz-2-1.png\",\"width\":380,\"height\":298,\"caption\":\"Renderistan \u0130\u015f \u0130stasyonu Sat\u0131\u015f Ma\u011fazas\u0131\"},\"image\":{\"@id\":\"https:\/\/renderistan.com\/#\/schema\/logo\/image\/\"}}]}<\/script>\n<!-- \/ Yoast SEO Premium plugin. -->","yoast_head_json":{"title":"\u00dcr\u00fcn Kar\u015f\u0131la\u015ft\u0131rma - Renderistan \u0130\u015f \u0130stasyonu Sat\u0131\u015f Ma\u011fazas\u0131","robots":{"index":"index","follow":"follow","max-snippet":"max-snippet:-1","max-image-preview":"max-image-preview:large","max-video-preview":"max-video-preview:-1"},"canonical":"https:\/\/renderistan.com\/?page_id=2917","og_locale":"tr_TR","og_type":"article","og_title":"\u00dcr\u00fcn Kar\u015f\u0131la\u015ft\u0131rma","og_url":"https:\/\/renderistan.com\/?page_id=2917","og_site_name":"Renderistan \u0130\u015f \u0130stasyonu Sat\u0131\u015f Ma\u011fazas\u0131","article_modified_time":"2023-12-09T09:04:21+00:00","twitter_card":"summary_large_image","schema":{"@context":"https:\/\/schema.org","@graph":[{"@type":"WebPage","@id":"https:\/\/renderistan.com\/?page_id=2917","url":"https:\/\/renderistan.com\/?page_id=2917","name":"\u00dcr\u00fcn Kar\u015f\u0131la\u015ft\u0131rma - Renderistan \u0130\u015f \u0130stasyonu Sat\u0131\u015f Ma\u011fazas\u0131","isPartOf":{"@id":"https:\/\/renderistan.com\/#website"},"datePublished":"2016-03-26T13:44:35+00:00","dateModified":"2023-12-09T09:04:21+00:00","breadcrumb":{"@id":"https:\/\/renderistan.com\/?page_id=2917#breadcrumb"},"inLanguage":"tr","potentialAction":[{"@type":"ReadAction","target":["https:\/\/renderistan.com\/?page_id=2917"]}]},{"@type":"BreadcrumbList","@id":"https:\/\/renderistan.com\/?page_id=2917#breadcrumb","itemListElement":[{"@type":"ListItem","position":1,"name":"Anasayfa","item":"https:\/\/renderistan.com\/"},{"@type":"ListItem","position":2,"name":"\u00dcr\u00fcn Kar\u015f\u0131la\u015ft\u0131rma"}]},{"@type":"WebSite","@id":"https:\/\/renderistan.com\/#website","url":"https:\/\/renderistan.com\/","name":"Renderistan \u0130\u015f \u0130stasyonu Sat\u0131\u015f Ma\u011fazas\u0131","description":"\u0130\u015f \u0130stasyonu sat\u0131\u015f ma\u011fazas\u0131","publisher":{"@id":"https:\/\/renderistan.com\/#organization"},"potentialAction":[{"@type":"SearchAction","target":{"@type":"EntryPoint","urlTemplate":"https:\/\/renderistan.com\/?s={search_term_string}"},"query-input":"required name=search_term_string"}],"inLanguage":"tr"},{"@type":"Organization","@id":"https:\/\/renderistan.com\/#organization","name":"Renderistan \u0130\u015f \u0130stasyonu Sat\u0131\u015f Ma\u011fazas\u0131","url":"https:\/\/renderistan.com\/","logo":{"@type":"ImageObject","inLanguage":"tr","@id":"https:\/\/renderistan.com\/#\/schema\/logo\/image\/","url":"https:\/\/renderistan.com\/wp-content\/uploads\/2023\/12\/cropped-cropped-Basliksiz-2-1.png","contentUrl":"https:\/\/renderistan.com\/wp-content\/uploads\/2023\/12\/cropped-cropped-Basliksiz-2-1.png","width":380,"height":298,"caption":"Renderistan \u0130\u015f \u0130stasyonu Sat\u0131\u015f Ma\u011fazas\u0131"},"image":{"@id":"https:\/\/renderistan.com\/#\/schema\/logo\/image\/"}}]}},"_links":{"self":[{"href":"https:\/\/renderistan.com\/index.php?rest_route=\/wp\/v2\/pages\/2917","targetHints":{"allow":["GET"]}}],"collection":[{"href":"https:\/\/renderistan.com\/index.php?rest_route=\/wp\/v2\/pages"}],"about":[{"href":"https:\/\/renderistan.com\/index.php?rest_route=\/wp\/v2\/types\/page"}],"author":[{"embeddable":true,"href":"https:\/\/renderistan.com\/index.php?rest_route=\/wp\/v2\/users\/1"}],"replies":[{"embeddable":true,"href":"https:\/\/renderistan.com\/index.php?rest_route=%2Fwp%2Fv2%2Fcomments&post=2917"}],"version-history":[{"count":2,"href":"https:\/\/renderistan.com\/index.php?rest_route=\/wp\/v2\/pages\/2917\/revisions"}],"predecessor-version":[{"id":5884,"href":"https:\/\/renderistan.com\/index.php?rest_route=\/wp\/v2\/pages\/2917\/revisions\/5884"}],"wp:attachment":[{"href":"https:\/\/renderistan.com\/index.php?rest_route=%2Fwp%2Fv2%2Fmedia&parent=2917"}],"curies":[{"name":"wp","href":"https:\/\/api.w.org\/{rel}","templated":true}]}}