{"id":3854,"date":"2016-02-16T11:41:47","date_gmt":"2016-02-16T11:41:47","guid":{"rendered":"https:\/\/demo2.chethemes.com\/electro\/my-account\/"},"modified":"2023-12-08T14:14:50","modified_gmt":"2023-12-08T11:14:50","slug":"my-account-2","status":"publish","type":"page","link":"https:\/\/renderistan.com\/?page_id=3854","title":{"rendered":"Hesab\u0131m"},"content":{"rendered":"<div class=\"woocommerce\">\t\t<div class=\"customer-login-form\">\n\t\t<span class=\"or-text\">or<\/span><div class=\"woocommerce-notices-wrapper\"><\/div>\n\n<div class=\"u-columns col2-set\" id=\"customer_login\">\n\n\t<div class=\"u-column1 col-1\">\n\n\n\t\t<h2>Login<\/h2>\n\n\t\t<form class=\"woocommerce-form woocommerce-form-login login\" method=\"post\">\n\n\t\t\t\t\t<p class=\"before-login-text\">\n\t\t\tTekrar ho\u015fgeldiniz! Hesab\u0131n\u0131za giri\u015f yap\u0131n.\t\t<\/p>\n\t\t\t<p class=\"woocommerce-form-row woocommerce-form-row--wide form-row form-row-wide\">\n\t\t\t\t<label for=\"username\">Username or email address&nbsp;<span class=\"required\">*<\/span><\/label>\n\t\t\t\t<input type=\"text\" class=\"woocommerce-Input woocommerce-Input--text input-text\" name=\"username\" id=\"username\" autocomplete=\"username\" value=\"\" \/>\t\t\t<\/p>\n\t\t\t<p class=\"woocommerce-form-row woocommerce-form-row--wide form-row form-row-wide\">\n\t\t\t\t<label for=\"password\">Password&nbsp;<span class=\"required\">*<\/span><\/label>\n\t\t\t\t<input class=\"woocommerce-Input woocommerce-Input--text input-text\" type=\"password\" name=\"password\" id=\"password\" autocomplete=\"current-password\" \/>\n\t\t\t<\/p>\n\n\t\t\t\n\t\t\t<p class=\"form-row\">\n\t\t\t\t<label class=\"woocommerce-form__label woocommerce-form__label-for-checkbox woocommerce-form-login__rememberme\">\n\t\t\t\t\t<input class=\"woocommerce-form__input woocommerce-form__input-checkbox\" name=\"rememberme\" type=\"checkbox\" id=\"rememberme\" value=\"forever\" \/> <span>Remember me<\/span>\n\t\t\t\t<\/label>\n\t\t\t\t<input type=\"hidden\" id=\"woocommerce-login-nonce\" name=\"woocommerce-login-nonce\" value=\"8f8e50afb0\" \/><input type=\"hidden\" name=\"_wp_http_referer\" value=\"\/index.php?rest_route=%2Fwp%2Fv2%2Fpages%2F3854\" \/>\t\t\t\t<button type=\"submit\" class=\"woocommerce-button button woocommerce-form-login__submit\" name=\"login\" value=\"Log in\">Log in<\/button>\n\t\t\t<\/p>\n\t\t\t<p class=\"woocommerce-LostPassword lost_password\">\n\t\t\t\t<a href=\"https:\/\/renderistan.com\/?page_id=3854&#038;lost-password\">Lost your password?<\/a>\n\t\t\t<\/p>\n\n\t\t\t\n\t\t<\/form>\n\n\n\t<\/div>\n\n\t<div class=\"u-column2 col-2\">\n\n\t\t<h2>Register<\/h2>\n\n\t\t<form method=\"post\" class=\"woocommerce-form woocommerce-form-register register\"  >\n\n\t\t\t<p class=\"before-register-text\">\n\t\t\tKi\u015fiselle\u015ftirilmi\u015f bir al\u0131\u015fveri\u015f deneyiminin avantajlar\u0131ndan yararlanmak i\u00e7in bug\u00fcn yeni hesap olu\u015fturun.\t\t<\/p>\n\t\t\t\n\t\t\t<p class=\"woocommerce-form-row woocommerce-form-row--wide form-row form-row-wide\">\n\t\t\t\t<label for=\"reg_email\">Email address&nbsp;<span class=\"required\">*<\/span><\/label>\n\t\t\t\t<input type=\"email\" class=\"woocommerce-Input woocommerce-Input--text input-text\" name=\"email\" id=\"reg_email\" autocomplete=\"email\" value=\"\" \/>\t\t\t<\/p>\n\n\t\t\t\n\t\t\t\t<p>A link to set a new password will be sent to your email address.<\/p>\n\n\t\t\t\n\t\t\t<wc-order-attribution-inputs><\/wc-order-attribution-inputs><div class=\"woocommerce-privacy-policy-text\"><p>Your personal data will be used to support your experience throughout this website, to manage access to your account, and for other purposes described in our <a href=\"https:\/\/renderistan.com\/?page_id=3\" class=\"woocommerce-privacy-policy-link\" target=\"_blank\">privacy policy<\/a>.<\/p>\n<\/div>\n\t\t\t<p class=\"woocommerce-form-row form-row\">\n\t\t\t\t<input type=\"hidden\" id=\"woocommerce-register-nonce\" name=\"woocommerce-register-nonce\" value=\"29fd3e5028\" \/><input type=\"hidden\" name=\"_wp_http_referer\" value=\"\/index.php?rest_route=%2Fwp%2Fv2%2Fpages%2F3854\" \/>\t\t\t\t<button type=\"submit\" class=\"woocommerce-Button woocommerce-button button woocommerce-form-register__submit\" name=\"register\" value=\"Register\">Register<\/button>\n\t\t\t<\/p>\n\n\t\t\t<div class=\"register-benefits\">\n\t\t\t<h3>Bug\u00fcn kaydoldu\u011funuzda \u015funlar\u0131 yapabileceksiniz:<\/h3>\t\t\t<ul>\n\t\t\t\t\t\t\t\t<li>\u00d6deme i\u015flemini h\u0131zland\u0131r\u0131n<\/li>\n\t\t\t\t\t\t\t\t<li>Sipari\u015flerinizi kolayca takip edin<\/li>\n\t\t\t\t\t\t\t\t<li>T\u00fcm al\u0131\u015fveri\u015flerinizin kayd\u0131n\u0131 tutun<\/li>\n\t\t\t\t\t\t\t<\/ul>\n\t\t<\/div>\n\t\t<\/form>\n\n\t<\/div>\n\n<\/div>\n\n\t\t<\/div><!-- \/.customer-login-form -->\n\t\t<\/div>\n","protected":false},"excerpt":{"rendered":"or Login Tekrar ho\u015fgeldiniz! Hesab\u0131n\u0131za giri\u015f yap\u0131n. Username or email address&nbsp;* Password&nbsp;* Remember me Log in Lost your password? Register Ki\u015fiselle\u015ftirilmi\u015f bir al\u0131\u015fveri\u015f deneyiminin avantajlar\u0131ndan yararlanmak i\u00e7in bug\u00fcn yeni hesap","protected":false},"author":1,"featured_media":0,"parent":0,"menu_order":0,"comment_status":"closed","ping_status":"closed","template":"","meta":{"_acf_changed":false,"om_disable_all_campaigns":false,"_monsterinsights_skip_tracking":false,"_monsterinsights_sitenote_active":false,"_monsterinsights_sitenote_note":"","_monsterinsights_sitenote_category":0,"footnotes":""},"class_list":["post-3854","page","type-page","status-publish","hentry"],"acf":[],"yoast_head":"<!-- This site is optimized with the Yoast SEO Premium plugin v21.8 (Yoast SEO v22.9) - https:\/\/yoast.com\/wordpress\/plugins\/seo\/ -->\n<title>Hesab\u0131m - Renderistan \u0130\u015f \u0130stasyonu Sat\u0131\u015f Ma\u011fazas\u0131<\/title>\n<meta name=\"robots\" content=\"index, follow, max-snippet:-1, max-image-preview:large, max-video-preview:-1\" \/>\n<link rel=\"canonical\" href=\"https:\/\/renderistan.com\/?page_id=3854\" \/>\n<meta property=\"og:locale\" content=\"tr_TR\" \/>\n<meta property=\"og:type\" content=\"article\" \/>\n<meta property=\"og:title\" content=\"Hesab\u0131m\" \/>\n<meta property=\"og:url\" content=\"https:\/\/renderistan.com\/?page_id=3854\" \/>\n<meta property=\"og:site_name\" content=\"Renderistan \u0130\u015f \u0130stasyonu Sat\u0131\u015f Ma\u011fazas\u0131\" \/>\n<meta property=\"article:modified_time\" content=\"2023-12-08T11:14:50+00:00\" \/>\n<meta name=\"twitter:card\" content=\"summary_large_image\" \/>\n<script type=\"application\/ld+json\" class=\"yoast-schema-graph\">{\"@context\":\"https:\/\/schema.org\",\"@graph\":[{\"@type\":\"WebPage\",\"@id\":\"https:\/\/renderistan.com\/?page_id=3854\",\"url\":\"https:\/\/renderistan.com\/?page_id=3854\",\"name\":\"Hesab\u0131m - Renderistan \u0130\u015f \u0130stasyonu Sat\u0131\u015f Ma\u011fazas\u0131\",\"isPartOf\":{\"@id\":\"https:\/\/renderistan.com\/#website\"},\"datePublished\":\"2016-02-16T11:41:47+00:00\",\"dateModified\":\"2023-12-08T11:14:50+00:00\",\"breadcrumb\":{\"@id\":\"https:\/\/renderistan.com\/?page_id=3854#breadcrumb\"},\"inLanguage\":\"tr\",\"potentialAction\":[{\"@type\":\"ReadAction\",\"target\":[\"https:\/\/renderistan.com\/?page_id=3854\"]}]},{\"@type\":\"BreadcrumbList\",\"@id\":\"https:\/\/renderistan.com\/?page_id=3854#breadcrumb\",\"itemListElement\":[{\"@type\":\"ListItem\",\"position\":1,\"name\":\"Anasayfa\",\"item\":\"https:\/\/renderistan.com\/\"},{\"@type\":\"ListItem\",\"position\":2,\"name\":\"Hesab\u0131m\"}]},{\"@type\":\"WebSite\",\"@id\":\"https:\/\/renderistan.com\/#website\",\"url\":\"https:\/\/renderistan.com\/\",\"name\":\"Renderistan \u0130\u015f \u0130stasyonu Sat\u0131\u015f Ma\u011fazas\u0131\",\"description\":\"\u0130\u015f \u0130stasyonu sat\u0131\u015f ma\u011fazas\u0131\",\"publisher\":{\"@id\":\"https:\/\/renderistan.com\/#organization\"},\"potentialAction\":[{\"@type\":\"SearchAction\",\"target\":{\"@type\":\"EntryPoint\",\"urlTemplate\":\"https:\/\/renderistan.com\/?s={search_term_string}\"},\"query-input\":\"required name=search_term_string\"}],\"inLanguage\":\"tr\"},{\"@type\":\"Organization\",\"@id\":\"https:\/\/renderistan.com\/#organization\",\"name\":\"Renderistan \u0130\u015f \u0130stasyonu Sat\u0131\u015f Ma\u011fazas\u0131\",\"url\":\"https:\/\/renderistan.com\/\",\"logo\":{\"@type\":\"ImageObject\",\"inLanguage\":\"tr\",\"@id\":\"https:\/\/renderistan.com\/#\/schema\/logo\/image\/\",\"url\":\"https:\/\/renderistan.com\/wp-content\/uploads\/2023\/12\/cropped-cropped-Basliksiz-2-1.png\",\"contentUrl\":\"https:\/\/renderistan.com\/wp-content\/uploads\/2023\/12\/cropped-cropped-Basliksiz-2-1.png\",\"width\":380,\"height\":298,\"caption\":\"Renderistan \u0130\u015f \u0130stasyonu Sat\u0131\u015f Ma\u011fazas\u0131\"},\"image\":{\"@id\":\"https:\/\/renderistan.com\/#\/schema\/logo\/image\/\"}}]}<\/script>\n<!-- \/ Yoast SEO Premium plugin. -->","yoast_head_json":{"title":"Hesab\u0131m - Renderistan \u0130\u015f \u0130stasyonu Sat\u0131\u015f Ma\u011fazas\u0131","robots":{"index":"index","follow":"follow","max-snippet":"max-snippet:-1","max-image-preview":"max-image-preview:large","max-video-preview":"max-video-preview:-1"},"canonical":"https:\/\/renderistan.com\/?page_id=3854","og_locale":"tr_TR","og_type":"article","og_title":"Hesab\u0131m","og_url":"https:\/\/renderistan.com\/?page_id=3854","og_site_name":"Renderistan \u0130\u015f \u0130stasyonu Sat\u0131\u015f Ma\u011fazas\u0131","article_modified_time":"2023-12-08T11:14:50+00:00","twitter_card":"summary_large_image","schema":{"@context":"https:\/\/schema.org","@graph":[{"@type":"WebPage","@id":"https:\/\/renderistan.com\/?page_id=3854","url":"https:\/\/renderistan.com\/?page_id=3854","name":"Hesab\u0131m - Renderistan \u0130\u015f \u0130stasyonu Sat\u0131\u015f Ma\u011fazas\u0131","isPartOf":{"@id":"https:\/\/renderistan.com\/#website"},"datePublished":"2016-02-16T11:41:47+00:00","dateModified":"2023-12-08T11:14:50+00:00","breadcrumb":{"@id":"https:\/\/renderistan.com\/?page_id=3854#breadcrumb"},"inLanguage":"tr","potentialAction":[{"@type":"ReadAction","target":["https:\/\/renderistan.com\/?page_id=3854"]}]},{"@type":"BreadcrumbList","@id":"https:\/\/renderistan.com\/?page_id=3854#breadcrumb","itemListElement":[{"@type":"ListItem","position":1,"name":"Anasayfa","item":"https:\/\/renderistan.com\/"},{"@type":"ListItem","position":2,"name":"Hesab\u0131m"}]},{"@type":"WebSite","@id":"https:\/\/renderistan.com\/#website","url":"https:\/\/renderistan.com\/","name":"Renderistan \u0130\u015f \u0130stasyonu Sat\u0131\u015f Ma\u011fazas\u0131","description":"\u0130\u015f \u0130stasyonu sat\u0131\u015f ma\u011fazas\u0131","publisher":{"@id":"https:\/\/renderistan.com\/#organization"},"potentialAction":[{"@type":"SearchAction","target":{"@type":"EntryPoint","urlTemplate":"https:\/\/renderistan.com\/?s={search_term_string}"},"query-input":"required name=search_term_string"}],"inLanguage":"tr"},{"@type":"Organization","@id":"https:\/\/renderistan.com\/#organization","name":"Renderistan \u0130\u015f \u0130stasyonu Sat\u0131\u015f Ma\u011fazas\u0131","url":"https:\/\/renderistan.com\/","logo":{"@type":"ImageObject","inLanguage":"tr","@id":"https:\/\/renderistan.com\/#\/schema\/logo\/image\/","url":"https:\/\/renderistan.com\/wp-content\/uploads\/2023\/12\/cropped-cropped-Basliksiz-2-1.png","contentUrl":"https:\/\/renderistan.com\/wp-content\/uploads\/2023\/12\/cropped-cropped-Basliksiz-2-1.png","width":380,"height":298,"caption":"Renderistan \u0130\u015f \u0130stasyonu Sat\u0131\u015f Ma\u011fazas\u0131"},"image":{"@id":"https:\/\/renderistan.com\/#\/schema\/logo\/image\/"}}]}},"_links":{"self":[{"href":"https:\/\/renderistan.com\/index.php?rest_route=\/wp\/v2\/pages\/3854","targetHints":{"allow":["GET"]}}],"collection":[{"href":"https:\/\/renderistan.com\/index.php?rest_route=\/wp\/v2\/pages"}],"about":[{"href":"https:\/\/renderistan.com\/index.php?rest_route=\/wp\/v2\/types\/page"}],"author":[{"embeddable":true,"href":"https:\/\/renderistan.com\/index.php?rest_route=\/wp\/v2\/users\/1"}],"replies":[{"embeddable":true,"href":"https:\/\/renderistan.com\/index.php?rest_route=%2Fwp%2Fv2%2Fcomments&post=3854"}],"version-history":[{"count":2,"href":"https:\/\/renderistan.com\/index.php?rest_route=\/wp\/v2\/pages\/3854\/revisions"}],"predecessor-version":[{"id":5892,"href":"https:\/\/renderistan.com\/index.php?rest_route=\/wp\/v2\/pages\/3854\/revisions\/5892"}],"wp:attachment":[{"href":"https:\/\/renderistan.com\/index.php?rest_route=%2Fwp%2Fv2%2Fmedia&parent=3854"}],"curies":[{"name":"wp","href":"https:\/\/api.w.org\/{rel}","templated":true}]}}