{"id":5513,"date":"2023-11-27T10:51:36","date_gmt":"2023-11-27T10:51:36","guid":{"rendered":"https:\/\/renderistan.com\/?post_type=product&#038;p=5513"},"modified":"2023-12-04T07:23:39","modified_gmt":"2023-12-04T07:23:39","slug":"dell-xps-15-laptop","status":"publish","type":"product","link":"https:\/\/renderistan.com\/?product=dell-xps-15-laptop","title":{"rendered":"DELL XPS 15 Laptop"},"content":{"rendered":"<h1 class=\"cf-pg-title\">DELL XPS 15 Laptop<\/h1>\n<ul>\n<li>13th Gen Intel\u00ae Core\u2122 i7-13700H (24 MB cache, 14 cores, up to 5.00 GHz Turbo)<\/li>\n<li>Windows 11 Home, English, Dutch, French, German, Italian<\/li>\n<li>NVIDIA\u00ae GeForce RTX\u2122 4050, 6 GB GDDR6<\/li>\n<li>64 GB: 2 x 32 GB, DDR5, 4800 MT\/s, dual-channel<\/li>\n<li>1 TB, M.2, PCIe NVMe, SSD<\/li>\n<li>15.6&#8243;, 3.5K 3456&#215;2160, 60Hz, OLED, Touch, Anti-Reflect, 400 nit, InfinityEdge<\/li>\n<li>Platinum Silver exterior, Black interior<\/li>\n<li>English UK backlit keyboard<\/li>\n<li>No vPro &#8211; No Out of Band Systems Management<\/li>\n<\/ul>\n","protected":false},"excerpt":{"rendered":"<h1 class=\"cf-pg-title\">DELL XPS 15 Laptop<\/h1>\n","protected":false},"featured_media":5667,"comment_status":"open","ping_status":"closed","template":"","meta":{"_acf_changed":false,"om_disable_all_campaigns":false,"_monsterinsights_skip_tracking":false,"_monsterinsights_sitenote_active":false,"_monsterinsights_sitenote_note":"","_monsterinsights_sitenote_category":0},"product_cat":[15,238],"product_tag":[],"class_list":{"0":"post-5513","1":"product","2":"type-product","3":"status-publish","4":"has-post-thumbnail","6":"product_cat-tum-urunler","7":"product_cat-dizustu-bilgisayarlar","9":"first","10":"outofstock","11":"sale","12":"taxable","13":"shipping-taxable","14":"purchasable","15":"product-type-simple"},"acf":[],"yoast_head":"<!-- This site is optimized with the Yoast SEO Premium plugin v21.8 (Yoast SEO v22.9) - https:\/\/yoast.com\/wordpress\/plugins\/seo\/ -->\n<title>DELL XPS 15 Laptop - Renderistan \u0130\u015f \u0130stasyonu Sat\u0131\u015f Ma\u011fazas\u0131<\/title>\n<meta name=\"robots\" content=\"index, follow, max-snippet:-1, max-image-preview:large, max-video-preview:-1\" \/>\n<link rel=\"canonical\" href=\"https:\/\/renderistan.com\/?product=dell-xps-15-laptop\" \/>\n<meta property=\"og:locale\" content=\"tr_TR\" \/>\n<meta property=\"og:type\" content=\"article\" \/>\n<meta property=\"og:title\" content=\"DELL XPS 15 Laptop\" \/>\n<meta property=\"og:description\" content=\"DELL XPS 15 Laptop\" \/>\n<meta property=\"og:url\" content=\"https:\/\/renderistan.com\/?product=dell-xps-15-laptop\" \/>\n<meta property=\"og:site_name\" content=\"Renderistan \u0130\u015f \u0130stasyonu Sat\u0131\u015f Ma\u011fazas\u0131\" \/>\n<meta property=\"article:modified_time\" content=\"2023-12-04T07:23:39+00:00\" \/>\n<meta property=\"og:image\" content=\"https:\/\/renderistan.com\/wp-content\/uploads\/2023\/11\/1-6.png\" \/>\n\t<meta property=\"og:image:width\" content=\"800\" \/>\n\t<meta property=\"og:image:height\" content=\"800\" \/>\n\t<meta property=\"og:image:type\" content=\"image\/png\" \/>\n<meta name=\"twitter:card\" content=\"summary_large_image\" \/>\n<script type=\"application\/ld+json\" class=\"yoast-schema-graph\">{\"@context\":\"https:\/\/schema.org\",\"@graph\":[{\"@type\":\"WebPage\",\"@id\":\"https:\/\/renderistan.com\/?product=dell-xps-15-laptop\",\"url\":\"https:\/\/renderistan.com\/?product=dell-xps-15-laptop\",\"name\":\"DELL XPS 15 Laptop - Renderistan \u0130\u015f \u0130stasyonu Sat\u0131\u015f Ma\u011fazas\u0131\",\"isPartOf\":{\"@id\":\"https:\/\/renderistan.com\/#website\"},\"primaryImageOfPage\":{\"@id\":\"https:\/\/renderistan.com\/?product=dell-xps-15-laptop#primaryimage\"},\"image\":{\"@id\":\"https:\/\/renderistan.com\/?product=dell-xps-15-laptop#primaryimage\"},\"thumbnailUrl\":\"https:\/\/renderistan.com\/wp-content\/uploads\/2023\/11\/1-6.png\",\"datePublished\":\"2023-11-27T10:51:36+00:00\",\"dateModified\":\"2023-12-04T07:23:39+00:00\",\"breadcrumb\":{\"@id\":\"https:\/\/renderistan.com\/?product=dell-xps-15-laptop#breadcrumb\"},\"inLanguage\":\"tr\",\"potentialAction\":[{\"@type\":\"ReadAction\",\"target\":[\"https:\/\/renderistan.com\/?product=dell-xps-15-laptop\"]}]},{\"@type\":\"ImageObject\",\"inLanguage\":\"tr\",\"@id\":\"https:\/\/renderistan.com\/?product=dell-xps-15-laptop#primaryimage\",\"url\":\"https:\/\/renderistan.com\/wp-content\/uploads\/2023\/11\/1-6.png\",\"contentUrl\":\"https:\/\/renderistan.com\/wp-content\/uploads\/2023\/11\/1-6.png\",\"width\":800,\"height\":800},{\"@type\":\"BreadcrumbList\",\"@id\":\"https:\/\/renderistan.com\/?product=dell-xps-15-laptop#breadcrumb\",\"itemListElement\":[{\"@type\":\"ListItem\",\"position\":1,\"name\":\"Anasayfa\",\"item\":\"https:\/\/renderistan.com\/\"},{\"@type\":\"ListItem\",\"position\":2,\"name\":\"Ma\u011faza\",\"item\":\"https:\/\/renderistan.com\/?page_id=3853\"},{\"@type\":\"ListItem\",\"position\":3,\"name\":\"DELL XPS 15 Laptop\"}]},{\"@type\":\"WebSite\",\"@id\":\"https:\/\/renderistan.com\/#website\",\"url\":\"https:\/\/renderistan.com\/\",\"name\":\"Renderistan \u0130\u015f \u0130stasyonu Sat\u0131\u015f Ma\u011fazas\u0131\",\"description\":\"\u0130\u015f \u0130stasyonu sat\u0131\u015f ma\u011fazas\u0131\",\"publisher\":{\"@id\":\"https:\/\/renderistan.com\/#organization\"},\"potentialAction\":[{\"@type\":\"SearchAction\",\"target\":{\"@type\":\"EntryPoint\",\"urlTemplate\":\"https:\/\/renderistan.com\/?s={search_term_string}\"},\"query-input\":\"required name=search_term_string\"}],\"inLanguage\":\"tr\"},{\"@type\":\"Organization\",\"@id\":\"https:\/\/renderistan.com\/#organization\",\"name\":\"Renderistan \u0130\u015f \u0130stasyonu Sat\u0131\u015f Ma\u011fazas\u0131\",\"url\":\"https:\/\/renderistan.com\/\",\"logo\":{\"@type\":\"ImageObject\",\"inLanguage\":\"tr\",\"@id\":\"https:\/\/renderistan.com\/#\/schema\/logo\/image\/\",\"url\":\"https:\/\/renderistan.com\/wp-content\/uploads\/2023\/12\/cropped-cropped-Basliksiz-2-1.png\",\"contentUrl\":\"https:\/\/renderistan.com\/wp-content\/uploads\/2023\/12\/cropped-cropped-Basliksiz-2-1.png\",\"width\":380,\"height\":298,\"caption\":\"Renderistan \u0130\u015f \u0130stasyonu Sat\u0131\u015f Ma\u011fazas\u0131\"},\"image\":{\"@id\":\"https:\/\/renderistan.com\/#\/schema\/logo\/image\/\"}}]}<\/script>\n<!-- \/ Yoast SEO Premium plugin. -->","yoast_head_json":{"title":"DELL XPS 15 Laptop - Renderistan \u0130\u015f \u0130stasyonu Sat\u0131\u015f Ma\u011fazas\u0131","robots":{"index":"index","follow":"follow","max-snippet":"max-snippet:-1","max-image-preview":"max-image-preview:large","max-video-preview":"max-video-preview:-1"},"canonical":"https:\/\/renderistan.com\/?product=dell-xps-15-laptop","og_locale":"tr_TR","og_type":"article","og_title":"DELL XPS 15 Laptop","og_description":"DELL XPS 15 Laptop","og_url":"https:\/\/renderistan.com\/?product=dell-xps-15-laptop","og_site_name":"Renderistan \u0130\u015f \u0130stasyonu Sat\u0131\u015f Ma\u011fazas\u0131","article_modified_time":"2023-12-04T07:23:39+00:00","og_image":[{"width":800,"height":800,"url":"https:\/\/renderistan.com\/wp-content\/uploads\/2023\/11\/1-6.png","type":"image\/png"}],"twitter_card":"summary_large_image","schema":{"@context":"https:\/\/schema.org","@graph":[{"@type":"WebPage","@id":"https:\/\/renderistan.com\/?product=dell-xps-15-laptop","url":"https:\/\/renderistan.com\/?product=dell-xps-15-laptop","name":"DELL XPS 15 Laptop - Renderistan \u0130\u015f \u0130stasyonu Sat\u0131\u015f Ma\u011fazas\u0131","isPartOf":{"@id":"https:\/\/renderistan.com\/#website"},"primaryImageOfPage":{"@id":"https:\/\/renderistan.com\/?product=dell-xps-15-laptop#primaryimage"},"image":{"@id":"https:\/\/renderistan.com\/?product=dell-xps-15-laptop#primaryimage"},"thumbnailUrl":"https:\/\/renderistan.com\/wp-content\/uploads\/2023\/11\/1-6.png","datePublished":"2023-11-27T10:51:36+00:00","dateModified":"2023-12-04T07:23:39+00:00","breadcrumb":{"@id":"https:\/\/renderistan.com\/?product=dell-xps-15-laptop#breadcrumb"},"inLanguage":"tr","potentialAction":[{"@type":"ReadAction","target":["https:\/\/renderistan.com\/?product=dell-xps-15-laptop"]}]},{"@type":"ImageObject","inLanguage":"tr","@id":"https:\/\/renderistan.com\/?product=dell-xps-15-laptop#primaryimage","url":"https:\/\/renderistan.com\/wp-content\/uploads\/2023\/11\/1-6.png","contentUrl":"https:\/\/renderistan.com\/wp-content\/uploads\/2023\/11\/1-6.png","width":800,"height":800},{"@type":"BreadcrumbList","@id":"https:\/\/renderistan.com\/?product=dell-xps-15-laptop#breadcrumb","itemListElement":[{"@type":"ListItem","position":1,"name":"Anasayfa","item":"https:\/\/renderistan.com\/"},{"@type":"ListItem","position":2,"name":"Ma\u011faza","item":"https:\/\/renderistan.com\/?page_id=3853"},{"@type":"ListItem","position":3,"name":"DELL XPS 15 Laptop"}]},{"@type":"WebSite","@id":"https:\/\/renderistan.com\/#website","url":"https:\/\/renderistan.com\/","name":"Renderistan \u0130\u015f \u0130stasyonu Sat\u0131\u015f Ma\u011fazas\u0131","description":"\u0130\u015f \u0130stasyonu sat\u0131\u015f ma\u011fazas\u0131","publisher":{"@id":"https:\/\/renderistan.com\/#organization"},"potentialAction":[{"@type":"SearchAction","target":{"@type":"EntryPoint","urlTemplate":"https:\/\/renderistan.com\/?s={search_term_string}"},"query-input":"required name=search_term_string"}],"inLanguage":"tr"},{"@type":"Organization","@id":"https:\/\/renderistan.com\/#organization","name":"Renderistan \u0130\u015f \u0130stasyonu Sat\u0131\u015f Ma\u011fazas\u0131","url":"https:\/\/renderistan.com\/","logo":{"@type":"ImageObject","inLanguage":"tr","@id":"https:\/\/renderistan.com\/#\/schema\/logo\/image\/","url":"https:\/\/renderistan.com\/wp-content\/uploads\/2023\/12\/cropped-cropped-Basliksiz-2-1.png","contentUrl":"https:\/\/renderistan.com\/wp-content\/uploads\/2023\/12\/cropped-cropped-Basliksiz-2-1.png","width":380,"height":298,"caption":"Renderistan \u0130\u015f \u0130stasyonu Sat\u0131\u015f Ma\u011fazas\u0131"},"image":{"@id":"https:\/\/renderistan.com\/#\/schema\/logo\/image\/"}}]}},"_links":{"self":[{"href":"https:\/\/renderistan.com\/index.php?rest_route=\/wp\/v2\/product\/5513","targetHints":{"allow":["GET"]}}],"collection":[{"href":"https:\/\/renderistan.com\/index.php?rest_route=\/wp\/v2\/product"}],"about":[{"href":"https:\/\/renderistan.com\/index.php?rest_route=\/wp\/v2\/types\/product"}],"replies":[{"embeddable":true,"href":"https:\/\/renderistan.com\/index.php?rest_route=%2Fwp%2Fv2%2Fcomments&post=5513"}],"wp:featuredmedia":[{"embeddable":true,"href":"https:\/\/renderistan.com\/index.php?rest_route=\/wp\/v2\/media\/5667"}],"wp:attachment":[{"href":"https:\/\/renderistan.com\/index.php?rest_route=%2Fwp%2Fv2%2Fmedia&parent=5513"}],"wp:term":[{"taxonomy":"product_cat","embeddable":true,"href":"https:\/\/renderistan.com\/index.php?rest_route=%2Fwp%2Fv2%2Fproduct_cat&post=5513"},{"taxonomy":"product_tag","embeddable":true,"href":"https:\/\/renderistan.com\/index.php?rest_route=%2Fwp%2Fv2%2Fproduct_tag&post=5513"}],"curies":[{"name":"wp","href":"https:\/\/api.w.org\/{rel}","templated":true}]}}