{"id":5723,"date":"2023-12-01T12:55:11","date_gmt":"2023-12-01T12:55:11","guid":{"rendered":"https:\/\/renderistan.com\/?post_type=product&#038;p=5723"},"modified":"2026-03-25T09:31:05","modified_gmt":"2026-03-25T06:31:05","slug":"lenovo-thinkpad-p16","status":"publish","type":"product","link":"https:\/\/renderistan.com\/?product=lenovo-thinkpad-p16","title":{"rendered":"Lenovo Thinkpad P16"},"content":{"rendered":"<div class=\"col lg-2 md-2 sm-3 product-carousel grid-demo-fluid\" data-bind=\"css: {'no-pointer-event': !variantStatus()}\">\n<div class=\"carousel-wrapper total-images-5\" data-bind=\"css : { preLoader : loadingVariantInformation &amp;&amp; !isAdultShow }\">\n<div class=\"key-properties\">\n<h1 class=\"col lg-4 visible\" data-bind=\"css: {'visible': keyFeatures().length}\">Lenovo Thinkpad P16<\/h1>\n<ul class=\"\" data-bind=\"foreach: keyFeatures\">\n<li><strong data-bind=\"text: $data.name\">Ekran Boyutu:<\/strong><span data-bind=\"text: $data.property\">16 in\u00e7<\/span><\/li>\n<li><strong data-bind=\"text: $data.name\">Ekran Kart\u0131:<\/strong><span data-bind=\"text: $data.property\">Nvidia RTX A2000<\/span><\/li>\n<li><strong data-bind=\"text: $data.name\">Ekran Kart\u0131 Haf\u0131zas\u0131:<\/strong><span data-bind=\"text: $data.property\">8 GB<\/span><\/li>\n<li><strong data-bind=\"text: $data.name\">Harddisk Kapasitesi:<\/strong><span data-bind=\"text: $data.property\">Yok<\/span><\/li>\n<li><strong data-bind=\"text: $data.name\">\u0130\u015fletim Sistemi:<\/strong><span data-bind=\"text: $data.property\">Windows 11 Pro<\/span><\/li>\n<li><strong data-bind=\"text: $data.name\">\u0130\u015flemci:<\/strong><span data-bind=\"text: $data.property\">12800HX<\/span><\/li>\n<li><strong data-bind=\"text: $data.name\">\u0130\u015flemci Tipi:<\/strong><span data-bind=\"text: $data.property\">Intel Core i7<\/span><\/li>\n<li><strong data-bind=\"text: $data.name\">Ram (Sistem Belle\u011fi):<\/strong><span data-bind=\"text: $data.property\">32 GB<\/span><\/li>\n<\/ul>\n<\/div>\n<\/div>\n<\/div>\n","protected":false},"excerpt":{"rendered":"<h1 class=\"col lg-4 visible\" data-bind=\"css: {'visible': keyFeatures().length}\">Lenovo Thinkpad P16<\/h1>\n","protected":false},"featured_media":5782,"comment_status":"open","ping_status":"closed","template":"","meta":{"_acf_changed":false,"om_disable_all_campaigns":false,"_monsterinsights_skip_tracking":false,"_monsterinsights_sitenote_active":false,"_monsterinsights_sitenote_note":"","_monsterinsights_sitenote_category":0},"product_cat":[15,239,238],"product_tag":[],"class_list":{"0":"post-5723","1":"product","2":"type-product","3":"status-publish","4":"has-post-thumbnail","6":"product_cat-tum-urunler","7":"product_cat-mobil-wokstation","8":"product_cat-dizustu-bilgisayarlar","10":"first","11":"outofstock","12":"sale","13":"taxable","14":"shipping-taxable","15":"purchasable","16":"product-type-simple"},"acf":[],"yoast_head":"<!-- This site is optimized with the Yoast SEO Premium plugin v21.8 (Yoast SEO v22.9) - https:\/\/yoast.com\/wordpress\/plugins\/seo\/ -->\n<title>Lenovo Thinkpad P16 - Renderistan \u0130\u015f \u0130stasyonu Sat\u0131\u015f Ma\u011fazas\u0131<\/title>\n<meta name=\"robots\" content=\"index, follow, max-snippet:-1, max-image-preview:large, max-video-preview:-1\" \/>\n<link rel=\"canonical\" href=\"https:\/\/renderistan.com\/?product=lenovo-thinkpad-p16\" \/>\n<meta property=\"og:locale\" content=\"tr_TR\" \/>\n<meta property=\"og:type\" content=\"article\" \/>\n<meta property=\"og:title\" content=\"Lenovo Thinkpad P16\" \/>\n<meta property=\"og:description\" content=\"Lenovo Thinkpad P16\" \/>\n<meta property=\"og:url\" content=\"https:\/\/renderistan.com\/?product=lenovo-thinkpad-p16\" \/>\n<meta property=\"og:site_name\" content=\"Renderistan \u0130\u015f \u0130stasyonu Sat\u0131\u015f Ma\u011fazas\u0131\" \/>\n<meta property=\"article:modified_time\" content=\"2026-03-25T06:31:05+00:00\" \/>\n<meta property=\"og:image\" content=\"https:\/\/renderistan.com\/wp-content\/uploads\/2023\/12\/11.png\" \/>\n\t<meta property=\"og:image:width\" content=\"800\" \/>\n\t<meta property=\"og:image:height\" content=\"800\" \/>\n\t<meta property=\"og:image:type\" content=\"image\/png\" \/>\n<meta name=\"twitter:card\" content=\"summary_large_image\" \/>\n<script type=\"application\/ld+json\" class=\"yoast-schema-graph\">{\"@context\":\"https:\/\/schema.org\",\"@graph\":[{\"@type\":\"WebPage\",\"@id\":\"https:\/\/renderistan.com\/?product=lenovo-thinkpad-p16\",\"url\":\"https:\/\/renderistan.com\/?product=lenovo-thinkpad-p16\",\"name\":\"Lenovo Thinkpad P16 - Renderistan \u0130\u015f \u0130stasyonu Sat\u0131\u015f Ma\u011fazas\u0131\",\"isPartOf\":{\"@id\":\"https:\/\/renderistan.com\/#website\"},\"primaryImageOfPage\":{\"@id\":\"https:\/\/renderistan.com\/?product=lenovo-thinkpad-p16#primaryimage\"},\"image\":{\"@id\":\"https:\/\/renderistan.com\/?product=lenovo-thinkpad-p16#primaryimage\"},\"thumbnailUrl\":\"https:\/\/renderistan.com\/wp-content\/uploads\/2023\/12\/11.png\",\"datePublished\":\"2023-12-01T12:55:11+00:00\",\"dateModified\":\"2026-03-25T06:31:05+00:00\",\"breadcrumb\":{\"@id\":\"https:\/\/renderistan.com\/?product=lenovo-thinkpad-p16#breadcrumb\"},\"inLanguage\":\"tr\",\"potentialAction\":[{\"@type\":\"ReadAction\",\"target\":[\"https:\/\/renderistan.com\/?product=lenovo-thinkpad-p16\"]}]},{\"@type\":\"ImageObject\",\"inLanguage\":\"tr\",\"@id\":\"https:\/\/renderistan.com\/?product=lenovo-thinkpad-p16#primaryimage\",\"url\":\"https:\/\/renderistan.com\/wp-content\/uploads\/2023\/12\/11.png\",\"contentUrl\":\"https:\/\/renderistan.com\/wp-content\/uploads\/2023\/12\/11.png\",\"width\":800,\"height\":800},{\"@type\":\"BreadcrumbList\",\"@id\":\"https:\/\/renderistan.com\/?product=lenovo-thinkpad-p16#breadcrumb\",\"itemListElement\":[{\"@type\":\"ListItem\",\"position\":1,\"name\":\"Anasayfa\",\"item\":\"https:\/\/renderistan.com\/\"},{\"@type\":\"ListItem\",\"position\":2,\"name\":\"Ma\u011faza\",\"item\":\"https:\/\/renderistan.com\/?page_id=3853\"},{\"@type\":\"ListItem\",\"position\":3,\"name\":\"Lenovo Thinkpad P16\"}]},{\"@type\":\"WebSite\",\"@id\":\"https:\/\/renderistan.com\/#website\",\"url\":\"https:\/\/renderistan.com\/\",\"name\":\"Renderistan \u0130\u015f \u0130stasyonu Sat\u0131\u015f Ma\u011fazas\u0131\",\"description\":\"\u0130\u015f \u0130stasyonu sat\u0131\u015f ma\u011fazas\u0131\",\"publisher\":{\"@id\":\"https:\/\/renderistan.com\/#organization\"},\"potentialAction\":[{\"@type\":\"SearchAction\",\"target\":{\"@type\":\"EntryPoint\",\"urlTemplate\":\"https:\/\/renderistan.com\/?s={search_term_string}\"},\"query-input\":\"required name=search_term_string\"}],\"inLanguage\":\"tr\"},{\"@type\":\"Organization\",\"@id\":\"https:\/\/renderistan.com\/#organization\",\"name\":\"Renderistan \u0130\u015f \u0130stasyonu Sat\u0131\u015f Ma\u011fazas\u0131\",\"url\":\"https:\/\/renderistan.com\/\",\"logo\":{\"@type\":\"ImageObject\",\"inLanguage\":\"tr\",\"@id\":\"https:\/\/renderistan.com\/#\/schema\/logo\/image\/\",\"url\":\"https:\/\/renderistan.com\/wp-content\/uploads\/2023\/12\/cropped-cropped-Basliksiz-2-1.png\",\"contentUrl\":\"https:\/\/renderistan.com\/wp-content\/uploads\/2023\/12\/cropped-cropped-Basliksiz-2-1.png\",\"width\":380,\"height\":298,\"caption\":\"Renderistan \u0130\u015f \u0130stasyonu Sat\u0131\u015f Ma\u011fazas\u0131\"},\"image\":{\"@id\":\"https:\/\/renderistan.com\/#\/schema\/logo\/image\/\"}}]}<\/script>\n<!-- \/ Yoast SEO Premium plugin. -->","yoast_head_json":{"title":"Lenovo Thinkpad P16 - Renderistan \u0130\u015f \u0130stasyonu Sat\u0131\u015f Ma\u011fazas\u0131","robots":{"index":"index","follow":"follow","max-snippet":"max-snippet:-1","max-image-preview":"max-image-preview:large","max-video-preview":"max-video-preview:-1"},"canonical":"https:\/\/renderistan.com\/?product=lenovo-thinkpad-p16","og_locale":"tr_TR","og_type":"article","og_title":"Lenovo Thinkpad P16","og_description":"Lenovo Thinkpad P16","og_url":"https:\/\/renderistan.com\/?product=lenovo-thinkpad-p16","og_site_name":"Renderistan \u0130\u015f \u0130stasyonu Sat\u0131\u015f Ma\u011fazas\u0131","article_modified_time":"2026-03-25T06:31:05+00:00","og_image":[{"width":800,"height":800,"url":"https:\/\/renderistan.com\/wp-content\/uploads\/2023\/12\/11.png","type":"image\/png"}],"twitter_card":"summary_large_image","schema":{"@context":"https:\/\/schema.org","@graph":[{"@type":"WebPage","@id":"https:\/\/renderistan.com\/?product=lenovo-thinkpad-p16","url":"https:\/\/renderistan.com\/?product=lenovo-thinkpad-p16","name":"Lenovo Thinkpad P16 - Renderistan \u0130\u015f \u0130stasyonu Sat\u0131\u015f Ma\u011fazas\u0131","isPartOf":{"@id":"https:\/\/renderistan.com\/#website"},"primaryImageOfPage":{"@id":"https:\/\/renderistan.com\/?product=lenovo-thinkpad-p16#primaryimage"},"image":{"@id":"https:\/\/renderistan.com\/?product=lenovo-thinkpad-p16#primaryimage"},"thumbnailUrl":"https:\/\/renderistan.com\/wp-content\/uploads\/2023\/12\/11.png","datePublished":"2023-12-01T12:55:11+00:00","dateModified":"2026-03-25T06:31:05+00:00","breadcrumb":{"@id":"https:\/\/renderistan.com\/?product=lenovo-thinkpad-p16#breadcrumb"},"inLanguage":"tr","potentialAction":[{"@type":"ReadAction","target":["https:\/\/renderistan.com\/?product=lenovo-thinkpad-p16"]}]},{"@type":"ImageObject","inLanguage":"tr","@id":"https:\/\/renderistan.com\/?product=lenovo-thinkpad-p16#primaryimage","url":"https:\/\/renderistan.com\/wp-content\/uploads\/2023\/12\/11.png","contentUrl":"https:\/\/renderistan.com\/wp-content\/uploads\/2023\/12\/11.png","width":800,"height":800},{"@type":"BreadcrumbList","@id":"https:\/\/renderistan.com\/?product=lenovo-thinkpad-p16#breadcrumb","itemListElement":[{"@type":"ListItem","position":1,"name":"Anasayfa","item":"https:\/\/renderistan.com\/"},{"@type":"ListItem","position":2,"name":"Ma\u011faza","item":"https:\/\/renderistan.com\/?page_id=3853"},{"@type":"ListItem","position":3,"name":"Lenovo Thinkpad P16"}]},{"@type":"WebSite","@id":"https:\/\/renderistan.com\/#website","url":"https:\/\/renderistan.com\/","name":"Renderistan \u0130\u015f \u0130stasyonu Sat\u0131\u015f Ma\u011fazas\u0131","description":"\u0130\u015f \u0130stasyonu sat\u0131\u015f ma\u011fazas\u0131","publisher":{"@id":"https:\/\/renderistan.com\/#organization"},"potentialAction":[{"@type":"SearchAction","target":{"@type":"EntryPoint","urlTemplate":"https:\/\/renderistan.com\/?s={search_term_string}"},"query-input":"required name=search_term_string"}],"inLanguage":"tr"},{"@type":"Organization","@id":"https:\/\/renderistan.com\/#organization","name":"Renderistan \u0130\u015f \u0130stasyonu Sat\u0131\u015f Ma\u011fazas\u0131","url":"https:\/\/renderistan.com\/","logo":{"@type":"ImageObject","inLanguage":"tr","@id":"https:\/\/renderistan.com\/#\/schema\/logo\/image\/","url":"https:\/\/renderistan.com\/wp-content\/uploads\/2023\/12\/cropped-cropped-Basliksiz-2-1.png","contentUrl":"https:\/\/renderistan.com\/wp-content\/uploads\/2023\/12\/cropped-cropped-Basliksiz-2-1.png","width":380,"height":298,"caption":"Renderistan \u0130\u015f \u0130stasyonu Sat\u0131\u015f Ma\u011fazas\u0131"},"image":{"@id":"https:\/\/renderistan.com\/#\/schema\/logo\/image\/"}}]}},"_links":{"self":[{"href":"https:\/\/renderistan.com\/index.php?rest_route=\/wp\/v2\/product\/5723","targetHints":{"allow":["GET"]}}],"collection":[{"href":"https:\/\/renderistan.com\/index.php?rest_route=\/wp\/v2\/product"}],"about":[{"href":"https:\/\/renderistan.com\/index.php?rest_route=\/wp\/v2\/types\/product"}],"replies":[{"embeddable":true,"href":"https:\/\/renderistan.com\/index.php?rest_route=%2Fwp%2Fv2%2Fcomments&post=5723"}],"wp:featuredmedia":[{"embeddable":true,"href":"https:\/\/renderistan.com\/index.php?rest_route=\/wp\/v2\/media\/5782"}],"wp:attachment":[{"href":"https:\/\/renderistan.com\/index.php?rest_route=%2Fwp%2Fv2%2Fmedia&parent=5723"}],"wp:term":[{"taxonomy":"product_cat","embeddable":true,"href":"https:\/\/renderistan.com\/index.php?rest_route=%2Fwp%2Fv2%2Fproduct_cat&post=5723"},{"taxonomy":"product_tag","embeddable":true,"href":"https:\/\/renderistan.com\/index.php?rest_route=%2Fwp%2Fv2%2Fproduct_tag&post=5723"}],"curies":[{"name":"wp","href":"https:\/\/api.w.org\/{rel}","templated":true}]}}