{"id":5848,"date":"2023-12-04T13:32:03","date_gmt":"2023-12-04T13:32:03","guid":{"rendered":"https:\/\/renderistan.com\/?post_type=product&#038;p=5848"},"modified":"2023-12-13T12:30:43","modified_gmt":"2023-12-13T09:30:43","slug":"hp-elitebook-x360","status":"publish","type":"product","link":"https:\/\/renderistan.com\/?product=hp-elitebook-x360","title":{"rendered":"HP EliteBook x360"},"content":{"rendered":"<h1>HP EliteBook x360<\/h1>\n<ul>\n<li><strong>Ekran Kart\u0131<\/strong>\u00a0INTEL<\/li>\n<li><strong>Grafik \u0130\u015flemcisi<\/strong>\u00a0Intel HD Graphics<\/li>\n<li><strong>Dokunmatik Ekran<\/strong>\u00a0Var<\/li>\n<li><strong>Hard Disk Kapasitesi<\/strong>\u00a0256GB SSD<\/li>\n<li><strong>\u0130\u015flemci Platformu<\/strong>\u00a0Intel Core \u01307<\/li>\n<li><strong>\u0130\u015fletim Sistemi<\/strong>\u00a0Windows 10 Pro<\/li>\n<li><strong>Sistem Belle\u011fi<\/strong>\u00a016 GB<\/li>\n<li><strong>Ekran Kart\u0131 Haf\u0131zas\u0131<\/strong>\u00a0Payla\u015f\u0131ml\u0131<\/li>\n<li><strong>Ekran Boyutu<\/strong>\u00a014<\/li>\n<\/ul>\n","protected":false},"excerpt":{"rendered":"<h1>HP EliteBook x360<\/h1>\n","protected":false},"featured_media":5857,"comment_status":"open","ping_status":"closed","template":"","meta":{"_acf_changed":false,"om_disable_all_campaigns":false,"_monsterinsights_skip_tracking":false,"_monsterinsights_sitenote_active":false,"_monsterinsights_sitenote_note":"","_monsterinsights_sitenote_category":0},"product_cat":[15,238],"product_tag":[],"class_list":{"0":"post-5848","1":"product","2":"type-product","3":"status-publish","4":"has-post-thumbnail","6":"product_cat-tum-urunler","7":"product_cat-dizustu-bilgisayarlar","9":"first","10":"outofstock","11":"taxable","12":"shipping-taxable","13":"product-type-simple"},"acf":[],"yoast_head":"<!-- This site is optimized with the Yoast SEO Premium plugin v21.8 (Yoast SEO v22.9) - https:\/\/yoast.com\/wordpress\/plugins\/seo\/ -->\n<title>HP EliteBook x360 - Renderistan \u0130\u015f \u0130stasyonu Sat\u0131\u015f Ma\u011fazas\u0131<\/title>\n<meta name=\"robots\" content=\"index, follow, max-snippet:-1, max-image-preview:large, max-video-preview:-1\" \/>\n<link rel=\"canonical\" href=\"https:\/\/renderistan.com\/?product=hp-elitebook-x360\" \/>\n<meta property=\"og:locale\" content=\"tr_TR\" \/>\n<meta property=\"og:type\" content=\"article\" \/>\n<meta property=\"og:title\" content=\"HP EliteBook x360\" \/>\n<meta property=\"og:description\" content=\"HP EliteBook x360\" \/>\n<meta property=\"og:url\" content=\"https:\/\/renderistan.com\/?product=hp-elitebook-x360\" \/>\n<meta property=\"og:site_name\" content=\"Renderistan \u0130\u015f \u0130stasyonu Sat\u0131\u015f Ma\u011fazas\u0131\" \/>\n<meta property=\"article:modified_time\" content=\"2023-12-13T09:30:43+00:00\" \/>\n<meta property=\"og:image\" content=\"https:\/\/renderistan.com\/wp-content\/uploads\/2023\/12\/1.webp\" \/>\n\t<meta property=\"og:image:width\" content=\"800\" \/>\n\t<meta property=\"og:image:height\" content=\"800\" \/>\n\t<meta property=\"og:image:type\" content=\"image\/webp\" \/>\n<meta name=\"twitter:card\" content=\"summary_large_image\" \/>\n<script type=\"application\/ld+json\" class=\"yoast-schema-graph\">{\"@context\":\"https:\/\/schema.org\",\"@graph\":[{\"@type\":\"WebPage\",\"@id\":\"https:\/\/renderistan.com\/?product=hp-elitebook-x360\",\"url\":\"https:\/\/renderistan.com\/?product=hp-elitebook-x360\",\"name\":\"HP EliteBook x360 - Renderistan \u0130\u015f \u0130stasyonu Sat\u0131\u015f Ma\u011fazas\u0131\",\"isPartOf\":{\"@id\":\"https:\/\/renderistan.com\/#website\"},\"primaryImageOfPage\":{\"@id\":\"https:\/\/renderistan.com\/?product=hp-elitebook-x360#primaryimage\"},\"image\":{\"@id\":\"https:\/\/renderistan.com\/?product=hp-elitebook-x360#primaryimage\"},\"thumbnailUrl\":\"https:\/\/renderistan.com\/wp-content\/uploads\/2023\/12\/1.webp\",\"datePublished\":\"2023-12-04T13:32:03+00:00\",\"dateModified\":\"2023-12-13T09:30:43+00:00\",\"breadcrumb\":{\"@id\":\"https:\/\/renderistan.com\/?product=hp-elitebook-x360#breadcrumb\"},\"inLanguage\":\"tr\",\"potentialAction\":[{\"@type\":\"ReadAction\",\"target\":[\"https:\/\/renderistan.com\/?product=hp-elitebook-x360\"]}]},{\"@type\":\"ImageObject\",\"inLanguage\":\"tr\",\"@id\":\"https:\/\/renderistan.com\/?product=hp-elitebook-x360#primaryimage\",\"url\":\"https:\/\/renderistan.com\/wp-content\/uploads\/2023\/12\/1.webp\",\"contentUrl\":\"https:\/\/renderistan.com\/wp-content\/uploads\/2023\/12\/1.webp\",\"width\":800,\"height\":800},{\"@type\":\"BreadcrumbList\",\"@id\":\"https:\/\/renderistan.com\/?product=hp-elitebook-x360#breadcrumb\",\"itemListElement\":[{\"@type\":\"ListItem\",\"position\":1,\"name\":\"Anasayfa\",\"item\":\"https:\/\/renderistan.com\/\"},{\"@type\":\"ListItem\",\"position\":2,\"name\":\"Ma\u011faza\",\"item\":\"https:\/\/renderistan.com\/?page_id=3853\"},{\"@type\":\"ListItem\",\"position\":3,\"name\":\"HP EliteBook x360\"}]},{\"@type\":\"WebSite\",\"@id\":\"https:\/\/renderistan.com\/#website\",\"url\":\"https:\/\/renderistan.com\/\",\"name\":\"Renderistan \u0130\u015f \u0130stasyonu Sat\u0131\u015f Ma\u011fazas\u0131\",\"description\":\"\u0130\u015f \u0130stasyonu sat\u0131\u015f ma\u011fazas\u0131\",\"publisher\":{\"@id\":\"https:\/\/renderistan.com\/#organization\"},\"potentialAction\":[{\"@type\":\"SearchAction\",\"target\":{\"@type\":\"EntryPoint\",\"urlTemplate\":\"https:\/\/renderistan.com\/?s={search_term_string}\"},\"query-input\":\"required name=search_term_string\"}],\"inLanguage\":\"tr\"},{\"@type\":\"Organization\",\"@id\":\"https:\/\/renderistan.com\/#organization\",\"name\":\"Renderistan \u0130\u015f \u0130stasyonu Sat\u0131\u015f Ma\u011fazas\u0131\",\"url\":\"https:\/\/renderistan.com\/\",\"logo\":{\"@type\":\"ImageObject\",\"inLanguage\":\"tr\",\"@id\":\"https:\/\/renderistan.com\/#\/schema\/logo\/image\/\",\"url\":\"https:\/\/renderistan.com\/wp-content\/uploads\/2023\/12\/cropped-cropped-Basliksiz-2-1.png\",\"contentUrl\":\"https:\/\/renderistan.com\/wp-content\/uploads\/2023\/12\/cropped-cropped-Basliksiz-2-1.png\",\"width\":380,\"height\":298,\"caption\":\"Renderistan \u0130\u015f \u0130stasyonu Sat\u0131\u015f Ma\u011fazas\u0131\"},\"image\":{\"@id\":\"https:\/\/renderistan.com\/#\/schema\/logo\/image\/\"}}]}<\/script>\n<!-- \/ Yoast SEO Premium plugin. -->","yoast_head_json":{"title":"HP EliteBook x360 - Renderistan \u0130\u015f \u0130stasyonu Sat\u0131\u015f Ma\u011fazas\u0131","robots":{"index":"index","follow":"follow","max-snippet":"max-snippet:-1","max-image-preview":"max-image-preview:large","max-video-preview":"max-video-preview:-1"},"canonical":"https:\/\/renderistan.com\/?product=hp-elitebook-x360","og_locale":"tr_TR","og_type":"article","og_title":"HP EliteBook x360","og_description":"HP EliteBook x360","og_url":"https:\/\/renderistan.com\/?product=hp-elitebook-x360","og_site_name":"Renderistan \u0130\u015f \u0130stasyonu Sat\u0131\u015f Ma\u011fazas\u0131","article_modified_time":"2023-12-13T09:30:43+00:00","og_image":[{"width":800,"height":800,"url":"https:\/\/renderistan.com\/wp-content\/uploads\/2023\/12\/1.webp","type":"image\/webp"}],"twitter_card":"summary_large_image","schema":{"@context":"https:\/\/schema.org","@graph":[{"@type":"WebPage","@id":"https:\/\/renderistan.com\/?product=hp-elitebook-x360","url":"https:\/\/renderistan.com\/?product=hp-elitebook-x360","name":"HP EliteBook x360 - Renderistan \u0130\u015f \u0130stasyonu Sat\u0131\u015f Ma\u011fazas\u0131","isPartOf":{"@id":"https:\/\/renderistan.com\/#website"},"primaryImageOfPage":{"@id":"https:\/\/renderistan.com\/?product=hp-elitebook-x360#primaryimage"},"image":{"@id":"https:\/\/renderistan.com\/?product=hp-elitebook-x360#primaryimage"},"thumbnailUrl":"https:\/\/renderistan.com\/wp-content\/uploads\/2023\/12\/1.webp","datePublished":"2023-12-04T13:32:03+00:00","dateModified":"2023-12-13T09:30:43+00:00","breadcrumb":{"@id":"https:\/\/renderistan.com\/?product=hp-elitebook-x360#breadcrumb"},"inLanguage":"tr","potentialAction":[{"@type":"ReadAction","target":["https:\/\/renderistan.com\/?product=hp-elitebook-x360"]}]},{"@type":"ImageObject","inLanguage":"tr","@id":"https:\/\/renderistan.com\/?product=hp-elitebook-x360#primaryimage","url":"https:\/\/renderistan.com\/wp-content\/uploads\/2023\/12\/1.webp","contentUrl":"https:\/\/renderistan.com\/wp-content\/uploads\/2023\/12\/1.webp","width":800,"height":800},{"@type":"BreadcrumbList","@id":"https:\/\/renderistan.com\/?product=hp-elitebook-x360#breadcrumb","itemListElement":[{"@type":"ListItem","position":1,"name":"Anasayfa","item":"https:\/\/renderistan.com\/"},{"@type":"ListItem","position":2,"name":"Ma\u011faza","item":"https:\/\/renderistan.com\/?page_id=3853"},{"@type":"ListItem","position":3,"name":"HP EliteBook x360"}]},{"@type":"WebSite","@id":"https:\/\/renderistan.com\/#website","url":"https:\/\/renderistan.com\/","name":"Renderistan \u0130\u015f \u0130stasyonu Sat\u0131\u015f Ma\u011fazas\u0131","description":"\u0130\u015f \u0130stasyonu sat\u0131\u015f ma\u011fazas\u0131","publisher":{"@id":"https:\/\/renderistan.com\/#organization"},"potentialAction":[{"@type":"SearchAction","target":{"@type":"EntryPoint","urlTemplate":"https:\/\/renderistan.com\/?s={search_term_string}"},"query-input":"required name=search_term_string"}],"inLanguage":"tr"},{"@type":"Organization","@id":"https:\/\/renderistan.com\/#organization","name":"Renderistan \u0130\u015f \u0130stasyonu Sat\u0131\u015f Ma\u011fazas\u0131","url":"https:\/\/renderistan.com\/","logo":{"@type":"ImageObject","inLanguage":"tr","@id":"https:\/\/renderistan.com\/#\/schema\/logo\/image\/","url":"https:\/\/renderistan.com\/wp-content\/uploads\/2023\/12\/cropped-cropped-Basliksiz-2-1.png","contentUrl":"https:\/\/renderistan.com\/wp-content\/uploads\/2023\/12\/cropped-cropped-Basliksiz-2-1.png","width":380,"height":298,"caption":"Renderistan \u0130\u015f \u0130stasyonu Sat\u0131\u015f Ma\u011fazas\u0131"},"image":{"@id":"https:\/\/renderistan.com\/#\/schema\/logo\/image\/"}}]}},"_links":{"self":[{"href":"https:\/\/renderistan.com\/index.php?rest_route=\/wp\/v2\/product\/5848","targetHints":{"allow":["GET"]}}],"collection":[{"href":"https:\/\/renderistan.com\/index.php?rest_route=\/wp\/v2\/product"}],"about":[{"href":"https:\/\/renderistan.com\/index.php?rest_route=\/wp\/v2\/types\/product"}],"replies":[{"embeddable":true,"href":"https:\/\/renderistan.com\/index.php?rest_route=%2Fwp%2Fv2%2Fcomments&post=5848"}],"wp:featuredmedia":[{"embeddable":true,"href":"https:\/\/renderistan.com\/index.php?rest_route=\/wp\/v2\/media\/5857"}],"wp:attachment":[{"href":"https:\/\/renderistan.com\/index.php?rest_route=%2Fwp%2Fv2%2Fmedia&parent=5848"}],"wp:term":[{"taxonomy":"product_cat","embeddable":true,"href":"https:\/\/renderistan.com\/index.php?rest_route=%2Fwp%2Fv2%2Fproduct_cat&post=5848"},{"taxonomy":"product_tag","embeddable":true,"href":"https:\/\/renderistan.com\/index.php?rest_route=%2Fwp%2Fv2%2Fproduct_tag&post=5848"}],"curies":[{"name":"wp","href":"https:\/\/api.w.org\/{rel}","templated":true}]}}