{"id":5976,"date":"2023-12-13T12:51:40","date_gmt":"2023-12-13T09:51:40","guid":{"rendered":"https:\/\/renderistan.com\/?post_type=product&#038;p=5976"},"modified":"2024-02-14T13:05:48","modified_gmt":"2024-02-14T10:05:48","slug":"hp-elitedesk-800-g6-2","status":"publish","type":"product","link":"https:\/\/renderistan.com\/?product=hp-elitedesk-800-g6-2","title":{"rendered":"HP EliteDesk 800 G6"},"content":{"rendered":"<h1>HP EliteDesk 800 G6<\/h1>\n<ul>\n<li>SSD:256 GB<\/li>\n<li>Ekran Kart\u0131\u00a0Tipi:<span data-bind=\"text: $data.property\">Dahili Ekran Kart\u0131<\/span><\/li>\n<li>\u0130\u015flemci Tipi<strong data-bind=\"text: $data.name\">:<\/strong><span data-bind=\"text: $data.property\">Intel Core i5<\/span><\/li>\n<li>Ram (Sistem Belle\u011fi)<strong data-bind=\"text: $data.name\">:<\/strong><span data-bind=\"text: $data.property\">8 GB<\/span><\/li>\n<\/ul>\n","protected":false},"excerpt":{"rendered":"<h1>HP EliteDesk 800 G6<\/h1>\n","protected":false},"featured_media":5793,"comment_status":"open","ping_status":"closed","template":"","meta":{"_acf_changed":false,"om_disable_all_campaigns":false,"_monsterinsights_skip_tracking":false,"_monsterinsights_sitenote_active":false,"_monsterinsights_sitenote_note":"","_monsterinsights_sitenote_category":0},"product_cat":[15,234],"product_tag":[],"class_list":{"0":"post-5976","1":"product","2":"type-product","3":"status-publish","4":"has-post-thumbnail","6":"product_cat-tum-urunler","7":"product_cat-mini-pc","9":"first","10":"outofstock","11":"sale","12":"taxable","13":"shipping-taxable","14":"purchasable","15":"product-type-simple"},"acf":[],"yoast_head":"<!-- This site is optimized with the Yoast SEO Premium plugin v21.8 (Yoast SEO v22.9) - https:\/\/yoast.com\/wordpress\/plugins\/seo\/ -->\n<title>HP EliteDesk 800 G6 - Renderistan \u0130\u015f \u0130stasyonu Sat\u0131\u015f Ma\u011fazas\u0131<\/title>\n<meta name=\"robots\" content=\"index, follow, max-snippet:-1, max-image-preview:large, max-video-preview:-1\" \/>\n<link rel=\"canonical\" href=\"https:\/\/renderistan.com\/?product=hp-elitedesk-800-g6-2\" \/>\n<meta property=\"og:locale\" content=\"tr_TR\" \/>\n<meta property=\"og:type\" content=\"article\" \/>\n<meta property=\"og:title\" content=\"HP EliteDesk 800 G6\" \/>\n<meta property=\"og:description\" content=\"HP EliteDesk 800 G6\" \/>\n<meta property=\"og:url\" content=\"https:\/\/renderistan.com\/?product=hp-elitedesk-800-g6-2\" \/>\n<meta property=\"og:site_name\" content=\"Renderistan \u0130\u015f \u0130stasyonu Sat\u0131\u015f Ma\u011fazas\u0131\" \/>\n<meta property=\"article:modified_time\" content=\"2024-02-14T10:05:48+00:00\" \/>\n<meta property=\"og:image\" content=\"https:\/\/renderistan.com\/wp-content\/uploads\/2023\/12\/3-9.png\" \/>\n\t<meta property=\"og:image:width\" content=\"800\" \/>\n\t<meta property=\"og:image:height\" content=\"800\" \/>\n\t<meta property=\"og:image:type\" content=\"image\/png\" \/>\n<meta name=\"twitter:card\" content=\"summary_large_image\" \/>\n<meta name=\"twitter:label1\" content=\"Tahmini okuma s\u00fcresi\" \/>\n\t<meta name=\"twitter:data1\" content=\"1 dakika\" \/>\n<script type=\"application\/ld+json\" class=\"yoast-schema-graph\">{\"@context\":\"https:\/\/schema.org\",\"@graph\":[{\"@type\":\"WebPage\",\"@id\":\"https:\/\/renderistan.com\/?product=hp-elitedesk-800-g6-2\",\"url\":\"https:\/\/renderistan.com\/?product=hp-elitedesk-800-g6-2\",\"name\":\"HP EliteDesk 800 G6 - Renderistan \u0130\u015f \u0130stasyonu Sat\u0131\u015f Ma\u011fazas\u0131\",\"isPartOf\":{\"@id\":\"https:\/\/renderistan.com\/#website\"},\"primaryImageOfPage\":{\"@id\":\"https:\/\/renderistan.com\/?product=hp-elitedesk-800-g6-2#primaryimage\"},\"image\":{\"@id\":\"https:\/\/renderistan.com\/?product=hp-elitedesk-800-g6-2#primaryimage\"},\"thumbnailUrl\":\"https:\/\/renderistan.com\/wp-content\/uploads\/2023\/12\/3-9.png\",\"datePublished\":\"2023-12-13T09:51:40+00:00\",\"dateModified\":\"2024-02-14T10:05:48+00:00\",\"breadcrumb\":{\"@id\":\"https:\/\/renderistan.com\/?product=hp-elitedesk-800-g6-2#breadcrumb\"},\"inLanguage\":\"tr\",\"potentialAction\":[{\"@type\":\"ReadAction\",\"target\":[\"https:\/\/renderistan.com\/?product=hp-elitedesk-800-g6-2\"]}]},{\"@type\":\"ImageObject\",\"inLanguage\":\"tr\",\"@id\":\"https:\/\/renderistan.com\/?product=hp-elitedesk-800-g6-2#primaryimage\",\"url\":\"https:\/\/renderistan.com\/wp-content\/uploads\/2023\/12\/3-9.png\",\"contentUrl\":\"https:\/\/renderistan.com\/wp-content\/uploads\/2023\/12\/3-9.png\",\"width\":800,\"height\":800},{\"@type\":\"BreadcrumbList\",\"@id\":\"https:\/\/renderistan.com\/?product=hp-elitedesk-800-g6-2#breadcrumb\",\"itemListElement\":[{\"@type\":\"ListItem\",\"position\":1,\"name\":\"Anasayfa\",\"item\":\"https:\/\/renderistan.com\/\"},{\"@type\":\"ListItem\",\"position\":2,\"name\":\"Ma\u011faza\",\"item\":\"https:\/\/renderistan.com\/?page_id=3853\"},{\"@type\":\"ListItem\",\"position\":3,\"name\":\"HP EliteDesk 800 G6\"}]},{\"@type\":\"WebSite\",\"@id\":\"https:\/\/renderistan.com\/#website\",\"url\":\"https:\/\/renderistan.com\/\",\"name\":\"Renderistan \u0130\u015f \u0130stasyonu Sat\u0131\u015f Ma\u011fazas\u0131\",\"description\":\"\u0130\u015f \u0130stasyonu sat\u0131\u015f ma\u011fazas\u0131\",\"publisher\":{\"@id\":\"https:\/\/renderistan.com\/#organization\"},\"potentialAction\":[{\"@type\":\"SearchAction\",\"target\":{\"@type\":\"EntryPoint\",\"urlTemplate\":\"https:\/\/renderistan.com\/?s={search_term_string}\"},\"query-input\":\"required name=search_term_string\"}],\"inLanguage\":\"tr\"},{\"@type\":\"Organization\",\"@id\":\"https:\/\/renderistan.com\/#organization\",\"name\":\"Renderistan \u0130\u015f \u0130stasyonu Sat\u0131\u015f Ma\u011fazas\u0131\",\"url\":\"https:\/\/renderistan.com\/\",\"logo\":{\"@type\":\"ImageObject\",\"inLanguage\":\"tr\",\"@id\":\"https:\/\/renderistan.com\/#\/schema\/logo\/image\/\",\"url\":\"https:\/\/renderistan.com\/wp-content\/uploads\/2023\/12\/cropped-cropped-Basliksiz-2-1.png\",\"contentUrl\":\"https:\/\/renderistan.com\/wp-content\/uploads\/2023\/12\/cropped-cropped-Basliksiz-2-1.png\",\"width\":380,\"height\":298,\"caption\":\"Renderistan \u0130\u015f \u0130stasyonu Sat\u0131\u015f Ma\u011fazas\u0131\"},\"image\":{\"@id\":\"https:\/\/renderistan.com\/#\/schema\/logo\/image\/\"}}]}<\/script>\n<!-- \/ Yoast SEO Premium plugin. -->","yoast_head_json":{"title":"HP EliteDesk 800 G6 - Renderistan \u0130\u015f \u0130stasyonu Sat\u0131\u015f Ma\u011fazas\u0131","robots":{"index":"index","follow":"follow","max-snippet":"max-snippet:-1","max-image-preview":"max-image-preview:large","max-video-preview":"max-video-preview:-1"},"canonical":"https:\/\/renderistan.com\/?product=hp-elitedesk-800-g6-2","og_locale":"tr_TR","og_type":"article","og_title":"HP EliteDesk 800 G6","og_description":"HP EliteDesk 800 G6","og_url":"https:\/\/renderistan.com\/?product=hp-elitedesk-800-g6-2","og_site_name":"Renderistan \u0130\u015f \u0130stasyonu Sat\u0131\u015f Ma\u011fazas\u0131","article_modified_time":"2024-02-14T10:05:48+00:00","og_image":[{"width":800,"height":800,"url":"https:\/\/renderistan.com\/wp-content\/uploads\/2023\/12\/3-9.png","type":"image\/png"}],"twitter_card":"summary_large_image","twitter_misc":{"Tahmini okuma s\u00fcresi":"1 dakika"},"schema":{"@context":"https:\/\/schema.org","@graph":[{"@type":"WebPage","@id":"https:\/\/renderistan.com\/?product=hp-elitedesk-800-g6-2","url":"https:\/\/renderistan.com\/?product=hp-elitedesk-800-g6-2","name":"HP EliteDesk 800 G6 - Renderistan \u0130\u015f \u0130stasyonu Sat\u0131\u015f Ma\u011fazas\u0131","isPartOf":{"@id":"https:\/\/renderistan.com\/#website"},"primaryImageOfPage":{"@id":"https:\/\/renderistan.com\/?product=hp-elitedesk-800-g6-2#primaryimage"},"image":{"@id":"https:\/\/renderistan.com\/?product=hp-elitedesk-800-g6-2#primaryimage"},"thumbnailUrl":"https:\/\/renderistan.com\/wp-content\/uploads\/2023\/12\/3-9.png","datePublished":"2023-12-13T09:51:40+00:00","dateModified":"2024-02-14T10:05:48+00:00","breadcrumb":{"@id":"https:\/\/renderistan.com\/?product=hp-elitedesk-800-g6-2#breadcrumb"},"inLanguage":"tr","potentialAction":[{"@type":"ReadAction","target":["https:\/\/renderistan.com\/?product=hp-elitedesk-800-g6-2"]}]},{"@type":"ImageObject","inLanguage":"tr","@id":"https:\/\/renderistan.com\/?product=hp-elitedesk-800-g6-2#primaryimage","url":"https:\/\/renderistan.com\/wp-content\/uploads\/2023\/12\/3-9.png","contentUrl":"https:\/\/renderistan.com\/wp-content\/uploads\/2023\/12\/3-9.png","width":800,"height":800},{"@type":"BreadcrumbList","@id":"https:\/\/renderistan.com\/?product=hp-elitedesk-800-g6-2#breadcrumb","itemListElement":[{"@type":"ListItem","position":1,"name":"Anasayfa","item":"https:\/\/renderistan.com\/"},{"@type":"ListItem","position":2,"name":"Ma\u011faza","item":"https:\/\/renderistan.com\/?page_id=3853"},{"@type":"ListItem","position":3,"name":"HP EliteDesk 800 G6"}]},{"@type":"WebSite","@id":"https:\/\/renderistan.com\/#website","url":"https:\/\/renderistan.com\/","name":"Renderistan \u0130\u015f \u0130stasyonu Sat\u0131\u015f Ma\u011fazas\u0131","description":"\u0130\u015f \u0130stasyonu sat\u0131\u015f ma\u011fazas\u0131","publisher":{"@id":"https:\/\/renderistan.com\/#organization"},"potentialAction":[{"@type":"SearchAction","target":{"@type":"EntryPoint","urlTemplate":"https:\/\/renderistan.com\/?s={search_term_string}"},"query-input":"required name=search_term_string"}],"inLanguage":"tr"},{"@type":"Organization","@id":"https:\/\/renderistan.com\/#organization","name":"Renderistan \u0130\u015f \u0130stasyonu Sat\u0131\u015f Ma\u011fazas\u0131","url":"https:\/\/renderistan.com\/","logo":{"@type":"ImageObject","inLanguage":"tr","@id":"https:\/\/renderistan.com\/#\/schema\/logo\/image\/","url":"https:\/\/renderistan.com\/wp-content\/uploads\/2023\/12\/cropped-cropped-Basliksiz-2-1.png","contentUrl":"https:\/\/renderistan.com\/wp-content\/uploads\/2023\/12\/cropped-cropped-Basliksiz-2-1.png","width":380,"height":298,"caption":"Renderistan \u0130\u015f \u0130stasyonu Sat\u0131\u015f Ma\u011fazas\u0131"},"image":{"@id":"https:\/\/renderistan.com\/#\/schema\/logo\/image\/"}}]}},"_links":{"self":[{"href":"https:\/\/renderistan.com\/index.php?rest_route=\/wp\/v2\/product\/5976","targetHints":{"allow":["GET"]}}],"collection":[{"href":"https:\/\/renderistan.com\/index.php?rest_route=\/wp\/v2\/product"}],"about":[{"href":"https:\/\/renderistan.com\/index.php?rest_route=\/wp\/v2\/types\/product"}],"replies":[{"embeddable":true,"href":"https:\/\/renderistan.com\/index.php?rest_route=%2Fwp%2Fv2%2Fcomments&post=5976"}],"wp:featuredmedia":[{"embeddable":true,"href":"https:\/\/renderistan.com\/index.php?rest_route=\/wp\/v2\/media\/5793"}],"wp:attachment":[{"href":"https:\/\/renderistan.com\/index.php?rest_route=%2Fwp%2Fv2%2Fmedia&parent=5976"}],"wp:term":[{"taxonomy":"product_cat","embeddable":true,"href":"https:\/\/renderistan.com\/index.php?rest_route=%2Fwp%2Fv2%2Fproduct_cat&post=5976"},{"taxonomy":"product_tag","embeddable":true,"href":"https:\/\/renderistan.com\/index.php?rest_route=%2Fwp%2Fv2%2Fproduct_tag&post=5976"}],"curies":[{"name":"wp","href":"https:\/\/api.w.org\/{rel}","templated":true}]}}